{"id":115,"date":"2025-02-24T08:48:49","date_gmt":"2025-02-24T08:48:49","guid":{"rendered":"https:\/\/lsja.pl\/?page_id=115"},"modified":"2026-01-22T17:45:04","modified_gmt":"2026-01-22T17:45:04","slug":"statut-fundacji","status":"publish","type":"page","link":"https:\/\/lsja.pl\/en\/statut-fundacji\/","title":{"rendered":"FOUNDATION STATUTE"},"content":{"rendered":"<h2>FOUNDATION STATUTE<\/h2>\n<h5>Rozdzia\u0142 I<\/h5><h5>Postanowienia og\u00f3lne<\/h5>\n<p style=\"text-align: center;\">\u00a7 1<\/p>\n<p style=\"text-align: justify;\">1. Fundacja nosi nazw\u0119 \u201cFundacja Lepszy \u015awiat Jakuba Adamczyka\u201d i dalej w Statucie zwana jest \u201eFundacj\u0105\u201d.<\/p><p style=\"text-align: justify;\">2.Fundacja zosta\u0142a ustanowiona przez Jakuba Adamczyka, zwanego dalej \u201eFundatorem\u201d, na podstawie aktu notarialnego sporz\u0105dzonego 05.02.2025 r. przed Kacprem G\u00f3rniakiem, notariuszem w Chrzanowie (Rep. A nr 377\/2025).<\/p>\n<p style=\"text-align: center;\">\u00a7 2<\/p>\n<p style=\"text-align: justify;\">Nazwa Fundacji brzmi: \u201cFundacja Lepszy \u015awiat Jakuba Adamczyka\u201d,<\/p>\n<p style=\"text-align: center;\">\u00a7 3<\/p>\n<p style=\"text-align: justify;\">Siedzib\u0105 Fundacji jest miasto Krak\u00f3w<\/p>\n<p style=\"text-align: center;\">\u00a7 4<\/p>\n<p style=\"text-align: justify;\">W\u0142a\u015bciwym ministrem ze wzgl\u0119du na cele Fundacji jest Minister Klimatu i \u015arodowiska<\/p>\n<p style=\"text-align: center;\">\u00a7 5<\/p>\n<p style=\"text-align: justify;\">1. Fundacja mo\u017ce dzia\u0142a\u0107 na terenie Rzeczpospolitej Polskiej i poza jej granicami.<\/p><p style=\"text-align: justify;\">2. Czas trwania Fundacji jest nieograniczony.<\/p>\n<p style=\"text-align: center;\">\u00a7 6<\/p>\n<p style=\"text-align: justify;\">1. Fundacja mo\u017ce by\u0107 cz\u0142onkiem zwi\u0105zk\u00f3w, stowarzysze\u0144 i organizacji o podobnych lub tych samych celach statutowych.<\/p><p style=\"text-align: justify;\">2. Fundacja mo\u017ce tworzy\u0107 oddzia\u0142y na obszarze Rzeczpospolitej Polskiej i za granic\u0105.<\/p><p style=\"text-align: justify;\">3. Fundacja mo\u017ce wsp\u00f3\u0142pracowa\u0107 i przyst\u0119powa\u0107 do sp\u00f3\u0142ek oraz innych fundacji dzia\u0142aj\u0105cych na obszarze Rzeczpospolitej Polskiej i za granic\u0105.<\/p><p style=\"text-align: justify;\">4. W zwi\u0105zku z prowadzon\u0105 dzia\u0142alno\u015bci\u0105 Fundacja mo\u017ce nawi\u0105zywa\u0107 kontakty zagraniczne oraz by\u0107 cz\u0142onkiem zagranicznych i mi\u0119dzynarodowych organizacji, z poszanowaniem niniejszego Statutu, norm prawa mi\u0119dzynarodowego, praw obowi\u0105zuj\u0105cych w Rzeczpospolitej Polskiej i prawa ojczystego kontrahent\u00f3w zagranicznych.<\/p>\n<p style=\"text-align: center;\">\u00a7 7<\/p>\n<p style=\"text-align: justify;\">1. Fundacja pos\u0142uguje si\u0119 piecz\u0119ci\u0105 z nazw\u0105: \u201eFundacja Lepszy \u015awiat Jakuba Adamczyka\u201d.<\/p><p style=\"text-align: justify;\">2. Fundacja b\u0119dzie u\u017cywa\u0107 wyr\u00f3\u017cniaj\u0105cego j\u0105 znaku graficznego, kt\u00f3ry zostanie ustalony przez Fundatora.<br>3. Fundacja mo\u017ce pos\u0142ugiwa\u0107 si\u0119 skr\u00f3tem \u201eLSJA\u201d<\/p>\n<p style=\"text-align: center;\">\u00a7 8<\/p>\n<p style=\"text-align: justify;\">Fundacja mo\u017ce ustanawia\u0107 stypendia, odznaki, medale i tytu\u0142y honorowe, przyznawa\u0107 je wraz z innymi<\/p><p style=\"text-align: justify;\">nagrodami i wyr\u00f3\u017cnieniami, osobom fizycznym i prawnym zas\u0142u\u017conym dla realizacji cel\u00f3w, kt\u00f3re s\u0105<\/p><p style=\"text-align: justify;\">celami statutowymi Fundacji.<\/p>\n<h5>Rozdzia\u0142 II<\/h5><h5>Cele i zasady dzia\u0142ania Fundacji<\/h5>\n<p style=\"text-align: center;\">\u00a7 9<\/p>\n<p>Na cel Fundacji sk\u0142adaj\u0105 si\u0119 trzy filary:<\/p>\n<p><strong>Filar I: Wsparcie dla os\u00f3b w trudnej sytuacji \u017cyciowej<\/strong><\/p>\n<p style=\"text-align: justify;\">Fundacja podejmuje dzia\u0142ania maj\u0105ce na celu niesienie pomocy osobom ubogim, znajduj\u0105cym si\u0119 w trudnym po\u0142o\u017ceniu materialnym lub \u017cyciowym, a tak\u017ce wspieranie os\u00f3b poszkodowanych wskutek wypadk\u00f3w losowych, kl\u0119sk \u017cywio\u0142owych, katastrof czy innych zdarze\u0144 kryzysowych.<\/p>\n<p><strong>Filar II: Ochrona \u015brodowiska oraz pomoc zwierz\u0119tom<\/strong><\/p>\n<p style=\"text-align: justify;\">Fundacja anga\u017cuje si\u0119 w dzia\u0142ania na rzecz ochrony zwierz\u0105t oraz niesienia im pomocy.<\/p><p style=\"text-align: justify;\">Dzia\u0142amy tak\u017ce na rzecz ochrony \u015brodowiska i promujemy zr\u00f3wnowa\u017cony styl \u017cycia.<\/p>\n<p><strong>Filar III: Rozw\u00f3j edukacji, przedsi\u0119biorczo\u015bci i coachingu<\/strong><\/p>\n<p style=\"text-align: justify;\">Fundacja wspiera rozw\u00f3j edukacji oraz promuje przedsi\u0119biorczo\u015b\u0107, oferuj\u0105c wsparcie w budowaniu umiej\u0119tno\u015bci, kt\u00f3re przyczyniaj\u0105 si\u0119 do rozwoju osobistego, zawodowego i spo\u0142ecznego. Celem tego filaru jest tworzenie warunk\u00f3w sprzyjaj\u0105cych rozwojowi innowacyjno\u015bci, kreatywno\u015bci i samodzielno\u015bci.<\/p>\n<p style=\"text-align: center;\">\u00a7 10<\/p>\n<p style=\"text-align: justify;\">Fundacja realizuje swe cele poprzez:<\/p><p style=\"text-align: justify;\">a) Sporz\u0105dzanie raport\u00f3w, analiz, ekspertyz i opinii.<\/p><p style=\"text-align: justify;\">b) Dzia\u0142alno\u015b\u0107 informacyjno-edukacyjna, prowadzenie szkole\u0144, seminari\u00f3w, wyk\u0142ad\u00f3w, coachingu, imprez kulturalno-o\u015bwiatowych, konferencji i kampanii informacyjnych.<\/p><p style=\"text-align: justify;\">c) Pozyskiwanie, przew\u00f3z i dystrybucja \u015brodk\u00f3w pomocy.<\/p><p style=\"text-align: justify;\">d) Tworzenie i wspieranie misji pomocy oraz plac\u00f3wek pomocy.<\/p><p style=\"text-align: justify;\">e) Organizacja zbi\u00f3rek publicznych i aukcji charytatywnych.<\/p><p style=\"text-align: justify;\">f) Zbi\u00f3rki funduszy, karmy i \u017cywno\u015bci<\/p>\n<h5>Rozdzia\u0142 III<\/h5><h5>Maj\u0105tek i dochody Fundacji<\/h5>\n<p style=\"text-align: center;\">\u00a7 11<\/p>\n<p>1. Maj\u0105tek Fundacji stanowi wk\u0142ad pieni\u0119\u017cny wniesiony przez Fundator\u00f3w w kwocie 1000 z\u0142 (s\u0142ownie tysi\u0105c z\u0142otych) oraz \u015brodki finansowe, prawa maj\u0105tkowe, nieruchomo\u015bci nabyte przez Fundacj\u0119 w toku jej dzia\u0142ania.<\/p><p>2. Z maj\u0105tku Fundacji wskazanego w ust\u0119pie poprzedzaj\u0105cym niniejszy paragraf Fundator wydzielaj\u0105:<\/p><p>a) na realizacj\u0119 cel\u00f3w statutowych Fundacji kwot\u0119 1000 z\u0142 (s\u0142ownie: tysi\u0105c z\u0142otych);<\/p>\n<p style=\"text-align: center;\">\u00a7 12<\/p>\n<p>Fundacja odpowiada za zobowi\u0105zania ca\u0142ym swoim maj\u0105tkiem.<\/p>\n<p style=\"text-align: center;\">\u00a7 13<\/p>\n<p>Dochody Fundacji pochodz\u0105 w szczeg\u00f3lno\u015bci z:<\/p><p>a) darowizn, dotacji, aukcji, grant\u00f3w, subwencji i spadk\u00f3w,<\/p><p>b) dochod\u00f3w z aktyw\u00f3w, nieruchomo\u015bci i praw maj\u0105tkowych Fundacji,<\/p><p>c) dochod\u00f3w z dar\u00f3w, zbi\u00f3rek i imprez publicznych,<\/p><p>d) odsetek i depozyt\u00f3w bankowych,<\/p><p>e) dochod\u00f3w z tytu\u0142u udzia\u0142u Fundacji w sp\u00f3\u0142kach,<\/p>\n<p style=\"text-align: center;\">\u00a7 14<\/p>\n<p style=\"text-align: justify;\">1. Dochody Fundacji przeznaczone s\u0105 na realizacj\u0119 cel\u00f3w Fundacji.<\/p><p style=\"text-align: justify;\">2. \u015arodki maj\u0105tkowe pochodz\u0105ce z dotacji, subwencji, darowizn lub spadk\u00f3w mog\u0105 by\u0107 u\u017cyte na realizacj\u0119 cel\u00f3w Fundacji tylko z poszanowaniem woli przekazuj\u0105cych te \u015brodki, zgodnie z pkt 3 poni\u017cej.<\/p><p style=\"text-align: justify;\">3. Przekazuj\u0105cy Fundacji dotacje, subwencje, spadki lub darowizny mo\u017ce zastrzec, \u017ce \u015brodki maj\u0105tkowe z nich pochodz\u0105ce maj\u0105 by\u0107 wykorzystywane w okre\u015blony spos\u00f3b. Zarz\u0105d Fundacji mo\u017ce nie przyj\u0105\u0107 tego warunku. W takim wypadku Fundacja nie przyjmuje takich dotacji, subwencji, spadk\u00f3w lub darowizn b\u0105d\u017a zwraca \u015brodki z nich pochodz\u0105ce, je\u017celi takie dotacje, subwencje, spadki lub darowizny zosta\u0142y ju\u017c przyj\u0119te.<\/p><p style=\"text-align: justify;\">4. Je\u017celi przekazaniu \u015brodk\u00f3w nie towarzyszy okre\u015blenie celu ich wykorzystania, Fundacja mo\u017ce przeznaczy\u0107 je na dowolny cel statutowy.<\/p><p style=\"text-align: justify;\">5. W przypadku powo\u0142ania Fundacji do dziedziczenia Zarz\u0105d sk\u0142ada o\u015bwiadczenie o przyj\u0119ciu spadku z dobrodziejstwem inwentarza i tylko w\u00f3wczas, gdy w chwili sk\u0142adania tego o\u015bwiadczenia jest oczywiste, \u017ce stan czynny spadku znacznie przewy\u017csza d\u0142ugi spadkowe.<\/p>\n<h5>Rozdzia\u0142 IV<\/h5><h5>Organy i organizacja Fundacji<\/h5>\n<p style=\"text-align: center;\">\u00a7 15<\/p>\n<p>Organami Fundacji s\u0105:<\/p><p>1) Zarz\u0105d Fundacji.<\/p>\n<p style=\"text-align: center;\">\u00a7 16<\/p>\n<p>1. Zarz\u0105d Fundacji sk\u0142ada si\u0119 od jednego do pi\u0119ciu cz\u0142onk\u00f3w, w\u0142\u0105czaj\u0105c w to Prezesa Zarz\u0105du.<\/p><p>2. Cz\u0142onk\u00f3w Zarz\u0105du powo\u0142uje i odwo\u0142uje Fundator.<\/p><p>3. Cz\u0142onk\u00f3w Zarz\u0105du Fundacji wchodz\u0105cych w sk\u0142ad pierwszego Zarz\u0105du Fundacji powo\u0142uj\u0105 Fundator.<\/p><p>4. Mandat cz\u0142onka Zarz\u0105du Fundacji wygasa:<\/p><p>a) z chwil\u0105 dor\u0119czenia o\u015bwiadczenia o odwo\u0142aniu z Zarz\u0105du Fundacji,<\/p><p>b) z chwil\u0105 z\u0142o\u017cenia Fundacji rezygnacji,<\/p><p>c) z chwil\u0105 \u015bmierci lub trwa\u0142\u0105 niemo\u017cno\u015bci\u0105 wykonywania czynno\u015bci w Zarz\u0105dzie.<\/p><p>5. Zarz\u0105d mo\u017ce uchwali\u0107 regulamin dzia\u0142ania Zarz\u0105du Fundacji.<\/p>\n<p style=\"text-align: center;\">\u00a7 17<\/p>\n<p style=\"text-align: justify;\">1. Zarz\u0105d kieruje dzia\u0142alno\u015bci\u0105 Fundacji i reprezentuje j\u0105 na zewn\u0105trz.<\/p><p style=\"text-align: justify;\">2. Do zada\u0144 Zarz\u0105du nale\u017cy w szczeg\u00f3lno\u015bci:<\/p><p style=\"text-align: justify;\">a) reprezentowanie Fundacji na zewn\u0105trz,<\/p><p style=\"text-align: justify;\">b) opracowywanie rocznych i wieloletnich projekt\u00f3w dzia\u0142ania Fundacji,<\/p><p style=\"text-align: justify;\">c) zarz\u0105dzanie maj\u0105tkiem Fundacji z nale\u017cyt\u0105 dba\u0142o\u015bci\u0105,<\/p><p style=\"text-align: justify;\">d) przyjmowanie dotacji, subwencji, darowizn, zapis\u00f3w i spadk\u00f3w,<\/p><p style=\"text-align: justify;\">e) przygotowanie rocznego bud\u017cetu Fundacji,<\/p><p style=\"text-align: justify;\">f) ustalenie wielko\u015bci zatrudnienia, zasad wynagradzania oraz wysoko\u015b\u0107 wynagrodze\u0144 i nagr\u00f3d dla pracownik\u00f3w Fundacji w ramach bud\u017cetu zatwierdzonego przez Prezesa Zarz\u0105du Fundacji,<\/p><p style=\"text-align: justify;\">g) zaci\u0105ganie zobowi\u0105za\u0144 i zawieranie um\u00f3w, przy czym umowy i zobowi\u0105zania o warto\u015bci powy\u017cej 5 000 z\u0142 oraz umowy sprzeda\u017cy lub zastawienia udzia\u0142\u00f3w stanowi\u0105cych w\u0142asno\u015b\u0107 fundacji wymagaj\u0105 zgody Fundatora, Limit ten nie ma zastosowania w przypadku um\u00f3w zwi\u0105zanych z zatrudnieniem pracownik\u00f3w.<\/p><p style=\"text-align: justify;\">h) sporz\u0105dzanie corocznych sprawozda\u0144 z dzia\u0142alno\u015bci Fundacji,<\/p><p style=\"text-align: justify;\">i) podejmowanie decyzji we wszelkich sprawach nieprzekazanych do kompetencji innych organ\u00f3w.<\/p>\n<p style=\"text-align: center;\">\u00a7 18<\/p>\n<p style=\"text-align: justify;\">1. Zarz\u0105d podejmuje decyzje na posiedzeniach, w formie uchwa\u0142 \u2013 zwyk\u0142\u0105 wi\u0119kszo\u015bci\u0105 g\u0142os\u00f3w.<\/p><p style=\"text-align: justify;\">W razie r\u00f3wnej liczby g\u0142os\u00f3w decyduje g\u0142os Prezesa Zarz\u0105du.<\/p><p style=\"text-align: justify;\">2. Posiedzenia Zarz\u0105du Fundacji odbywaj\u0105 si\u0119 w miar\u0119 potrzeb, nie rzadziej jednak ni\u017c dwa razy w roku. Zarz\u0105d podejmuje uchwa\u0142y zwyk\u0142\u0105 wi\u0119kszo\u015bci\u0105 g\u0142os\u00f3w, przy czym do wa\u017cno\u015bci uchwa\u0142y konieczna jest obecno\u015b\u0107 po\u0142owy jego cz\u0142onk\u00f3w.<\/p><p style=\"text-align: justify;\">3. O terminach posiedze\u0144 Zarz\u0105du Fundacji powiadamiani s\u0105 cz\u0142onkowie Zarz\u0105du Fundacji oraz wytypowani przez Fundatora osoby, kt\u00f3rzy maj\u0105 prawo uczestnictwa w posiedzeniach Zarz\u0105du z g\u0142osem doradczym.<\/p>\n<p style=\"text-align: center;\">\u00a7 19<\/p>\n<p style=\"text-align: justify;\">1. W przypadku jednoosobowego Zarz\u0105du Fundacji do sk\u0142adania o\u015bwiadcze\u0144 woli w imieniu Fundacji uprawniony jest Prezes Zarz\u0105du Fundacji samodzielnie.<\/p><p style=\"text-align: justify;\">2. W przypadku wieloosobowego Zarz\u0105du Fundacji do sk\u0142adania o\u015bwiadcze\u0144 woli w imieniu Fundacji uprawnieni s\u0105 dwaj cz\u0142onkowie Zarz\u0105du dzia\u0142aj\u0105cy \u0142\u0105cznie, w tym Prezes Zarz\u0105du Fundacji.<\/p>\n<p style=\"text-align: center;\">\u00a7 20<\/p>\n<p style=\"text-align: justify;\">1. Zarz\u0105d mo\u017ce powo\u0142ywa\u0107 zespo\u0142y doradcze.<\/p><p style=\"text-align: justify;\">2. Zarz\u0105d co roku, do dnia 30 czerwca, zobowi\u0105zany jest przedk\u0142ada\u0107 Roczne Sprawozdanie z dzia\u0142alno\u015bci Fundacji za rok poprzedni.<\/p><p style=\"text-align: justify;\">3. Do oceny podejmowanych przez Fundacj\u0119 przedsi\u0119wzi\u0119\u0107 Zarz\u0105d mo\u017ce powo\u0142ywa\u0107 konsultant\u00f3w oraz ich zespo\u0142y spo\u015br\u00f3d naukowc\u00f3w lub praktykant\u00f3w, kt\u00f3rzy maj\u0105 prawo uczestnictwa w posiedzeniach Zarz\u0105du z g\u0142osem doradczym, i zleca\u0107 im wykonanie odpowiednich opracowa\u0144.<\/p>\n<p style=\"text-align: center;\">\u00a7 21<\/p>\n<p style=\"text-align: justify;\">1. Wykonywanie przez Zarz\u0105d Fundacji praw z akcji i udzia\u0142\u00f3w w sp\u00f3\u0142kach stanowi\u0105cych w\u0142asno\u015b\u0107 Fundacji oraz ustanowienie przez Zarz\u0105d pe\u0142nomocnika do wykonywania praw g\u0142osu z takich akcji i udzia\u0142\u00f3w wymaga uprzedniej uchwa\u0142y Zarz\u0105du Fundacji.<\/p><p style=\"text-align: justify;\">2. Zbycie lub obci\u0105\u017cenie akcji lub udzia\u0142\u00f3w stanowi\u0105cych w\u0142asno\u015b\u0107 Fundacji wymaga uprzedniej zgody Zarz\u0105du Fundacji.<\/p>\n<h5>Rozdzia\u0142 V<\/h5><h5>Szkolenia i Ochrona Prawna<\/h5>\n<p style=\"text-align: center;\">\u00a7 22.<\/p>\n<p style=\"text-align: justify;\">1. Fundacja mo\u017ce organizowa\u0107, finansowa\u0107 oraz dofinansowywa\u0107 szkolenia, kursy, warsztaty, konferencje i inne formy edukacji dla cz\u0142onk\u00f3w zarz\u0105du, pracownik\u00f3w oraz wolontariuszy fundacji.<\/p><p style=\"text-align: justify;\">2. Fundacja mo\u017ce pokrywa\u0107 koszty studi\u00f3w podyplomowych oraz innych form kszta\u0142cenia dla os\u00f3b zwi\u0105zanych z dzia\u0142alno\u015bci\u0105 fundacji, je\u015bli ich rozw\u00f3j przyczynia si\u0119 do realizacji cel\u00f3w statutowych.<\/p><p style=\"text-align: justify;\">3. Fundacja mo\u017ce nawi\u0105zywa\u0107 wsp\u00f3\u0142prac\u0119 z instytucjami edukacyjnymi, szkoleniowymi i naukowymi w celu podnoszenia kwalifikacji os\u00f3b zaanga\u017cowanych w jej dzia\u0142alno\u015b\u0107.<\/p>\n<p style=\"text-align: center;\">\u00a7 23<\/p>\n<p style=\"text-align: justify;\">1. Fundacja mo\u017ce organizowa\u0107, finansowa\u0107 oraz dofinansowywa\u0107 pomoc prawn\u0105, w tym porady prawne, reprezentacj\u0119 adwokack\u0105 i radcowsk\u0105, zar\u00f3wno w obronie, jak i w oskar\u017ceniu, na rzecz cz\u0142onk\u00f3w zarz\u0105du, pracownik\u00f3w, wolontariuszy oraz innych os\u00f3b dzia\u0142aj\u0105cych w imieniu fundacji.<\/p><p style=\"text-align: justify;\">2. Fundacja mo\u017ce tworzy\u0107 fundusz przeznaczony na pokrycie koszt\u00f3w zwi\u0105zanych z ochron\u0105 prawn\u0105 swoich cz\u0142onk\u00f3w w sprawach zwi\u0105zanych z dzia\u0142alno\u015bci\u0105 fundacji.<\/p><p style=\"text-align: justify;\">3. Fundacja mo\u017ce wsp\u00f3\u0142pracowa\u0107 z kancelariami prawnymi, organizacjami prawniczymi oraz ekspertami w celu zapewnienia skutecznej ochrony prawnej swoim cz\u0142onkom.<\/p><p style=\"text-align: justify;\">4. Fundacja mo\u017ce prowadzi\u0107 zbi\u00f3rki \u015brodk\u00f3w finansowych na cele zwi\u0105zane z ochron\u0105 prawn\u0105, zar\u00f3wno dla os\u00f3b fizycznych, jak i w ramach dzia\u0142a\u0144 statutowych fundacji.<\/p>\n<h5>Rozdzia\u0142 VI<\/h5><h5>Zmiana Statutu Fundacji<\/h5>\n<p style=\"text-align: center;\">\u00a7 24<\/p>\n<p>Zmiana Statutu Fundacji wymaga dla swej wa\u017cno\u015bci uchwa\u0142y Zarz\u0105du Fundacji i Fundatora.<\/p>\n<h5>Rozdzia\u0142 VII<\/h5><h5>Likwidacja<\/h5>\n<p style=\"text-align: center;\">\u00a7 25<\/p>\n<p>1. Decyzj\u0119 w przedmiocie likwidacji Fundacji podejmuje Zarz\u0105d Fundacji, po uzyskaniu akceptacji Fundatora.<\/p><p>2. Maj\u0105tek pozosta\u0142y po likwidacji Fundacji przekazuje si\u0119, z zastrze\u017ceniem bezwzgl\u0119dnie obowi\u0105zuj\u0105cych przepis\u00f3w prawa, instytucjom lub organizacjom, kt\u00f3rych dzia\u0142alno\u015b\u0107 jest zbie\u017cna z celami Fundacji.<\/p>\n<h5>Rozdzia\u0142 VIII<\/h5><h5>Postanowienia ko\u0144cowe<\/h5>\n<p style=\"text-align: center;\">\u00a7 26<\/p>\n<p>Statut wchodzi w \u017cycie z dniem zarejestrowania Fundacji.<\/p>\n<p style=\"text-align: right;\">Prezes Zarz\u0105du<br>Jakub Adamczyk<\/p>\n\n\n\n\n\nPrzeka\u017c 1,5%\nKrs: 0000270261<br>specific purpose:<br>Lsja 28646","protected":false},"excerpt":{"rendered":"","protected":false},"author":1,"featured_media":0,"parent":0,"menu_order":0,"comment_status":"closed","ping_status":"closed","template":"","meta":{"pagelayer_contact_templates":[],"_pagelayer_content":"","footnotes":""},"class_list":["post-115","page","type-page","status-publish","hentry"],"_links":{"self":[{"href":"https:\/\/lsja.pl\/en\/wp-json\/wp\/v2\/pages\/115","targetHints":{"allow":["GET"]}}],"collection":[{"href":"https:\/\/lsja.pl\/en\/wp-json\/wp\/v2\/pages"}],"about":[{"href":"https:\/\/lsja.pl\/en\/wp-json\/wp\/v2\/types\/page"}],"author":[{"embeddable":true,"href":"https:\/\/lsja.pl\/en\/wp-json\/wp\/v2\/users\/1"}],"replies":[{"embeddable":true,"href":"https:\/\/lsja.pl\/en\/wp-json\/wp\/v2\/comments?post=115"}],"version-history":[{"count":28,"href":"https:\/\/lsja.pl\/en\/wp-json\/wp\/v2\/pages\/115\/revisions"}],"predecessor-version":[{"id":534,"href":"https:\/\/lsja.pl\/en\/wp-json\/wp\/v2\/pages\/115\/revisions\/534"}],"wp:attachment":[{"href":"https:\/\/lsja.pl\/en\/wp-json\/wp\/v2\/media?parent=115"}],"curies":[{"name":"wp","href":"https:\/\/api.w.org\/{rel}","templated":true}]}}