{"id":135,"date":"2025-02-24T09:27:23","date_gmt":"2025-02-24T09:27:23","guid":{"rendered":"https:\/\/lsja.pl\/?page_id=135"},"modified":"2025-10-20T08:12:16","modified_gmt":"2025-10-20T08:12:16","slug":"projekty","status":"publish","type":"page","link":"https:\/\/lsja.pl\/en\/projekty\/","title":{"rendered":"PROJECTS"},"content":{"rendered":"FILAR I: <br>WSPARCIE DLA OS\u00d3B <br>W TRUDNEJ SYTUACJI \u017bYCIOWEJ\n<p style=\"text-align: center; \"><font color=\"#ffffff\">FUNDACJA PODEJMUJE DZIA\u0141ANIA MAJ\u0104CE NA CELU NIESIENIE POMOCY OSOBOM&nbsp;<\/font><span style=\"color: rgb(255, 255, 255);\">UBOGIM, <br>ZNAJDUJ\u0104CYM SI\u0118 W TRUDNYM PO\u0141O\u017bENIU MATERIALNYM LUB&nbsp;<\/span><span style=\"color: rgb(255, 255, 255);\">\u017bYCIOWYM, <br>A TAK\u017bE WSPIERANIE OS\u00d3B POSZKODOWANYCH WSKUTEK&nbsp;<\/span><span style=\"color: rgb(255, 255, 255);\">WYPADK\u00d3W LOSOWYCH, KL\u0118SK \u017bYWIO\u0141OWYCH, <br>KATASTROF CZY INNYCH ZDARZE\u0143&nbsp;<\/span><span style=\"color: rgb(255, 255, 255);\">KRYZYSOWYCH.<\/span><\/p>\n\n\n\n\n\nPILLAR II: <br>ENVIRONMENTAL PROTECTION <br>AND <br>HELPING ANIMALS\n<p style=\"text-align: center; \"><font color=\"#ffffff\">THE FOUNDATION IS INVOLVED IN ANIMALS PROTECTION ACTIVITIES AND&nbsp;<\/font><span style=\"color: rgb(255, 255, 255);\">BRINGING THEM HELP.<\/span><\/p><p style=\"text-align: center; \"><font color=\"#ffffff\">WE ALSO WORK FOR ENVIRONMENTAL PROTECTION AND PROMOTE&nbsp;<\/font><span style=\"color: rgb(255, 255, 255);\">SUSTAINABLE LIFESTYLE.<\/span><\/p>\n\n\n\n\n\nA better world for animals in Ma\u0142opolska\n<p style=\"text-align: center; \"><font color=\"#ffffff\">\u201cA Better World for Animals in Ma\u0142opolska\u201d is a campaign to collect food for shelters and sanctuaries, which helps homeless animals survive difficult times. <br>10 PLN will allow you to feed a cat for 1 day.<br>PLN 25 is the cost of feeding a dog for 1 day.<\/font><\/p>\n\n\n\n\n\nBurning World\n<p style=\"text-align: center; \"><font color=\"#ffffff\">The Burning World project is a long-term environmental initiative carried out by the Better World Foundation in honor of Jakub Adamczyk. <\/font><\/p>\n<p style=\"text-align: center; \"><font color=\"#ffffff\">Our goal is to counteract the effects of global warming, environmental degradation, and excessive waste production. <\/font><\/p>\n<p style=\"text-align: center; \"><font color=\"#ffffff\">Through educational and informational activities, we aim to genuinely influence public awareness and motivate people to make responsible decisions in their daily lives.<\/font><\/p>\n\n\n\n\n\nFILAR III: <br>ROZW\u00d3J EDUKACJI, <br>PRZEDSI\u0118BIORCZO\u015aCI <br>I COACHINGU\n<p style=\"text-align: center; \"><font color=\"#ffffff\">FUNDACJA WSPIERA ROZW\u00d3J EDUKACJI ORAZ PROMUJE PRZEDSI\u0118BIORCZO\u015a\u0106,&nbsp;<\/font><span style=\"color: rgb(255, 255, 255);\">OFERUJ\u0104C WSPARCIE W BUDOWANIU UMIEJ\u0118TNO\u015aCI, <br>KT\u00d3RE PRZYCZYNIAJ\u0104 SI\u0118 DO&nbsp;<\/span><span style=\"color: rgb(255, 255, 255);\">ROZWOJU OSOBISTEGO, ZAWODOWEGO I SPO\u0141ECZNEGO. <br>CELEM TEGO FILARU JEST&nbsp;<\/span><span style=\"color: rgb(255, 255, 255);\">TWORZENIE WARUNK\u00d3W SPRZYJAJ\u0104CYCH ROZWOJOWI INNOWACYJNO\u015aCI,&nbsp;<\/span><span style=\"color: rgb(255, 255, 255);\">KREATYWNO\u015aCI I SAMODZIELNO\u015aCI.<\/span><\/p>\n\n\n\n\n\nFinish\n<p style=\"text-align: center; \"><font color=\"#ffffff\">LIST OF PROJECTS THAT THE FOUNDATION HAS SUCCESSFULLY COMPLETED<\/font><\/p>\n\n\n\n\nPrzeprowadzenie dzia\u0142a\u0144 edukacyjnych, badawczo-rozwojowych oraz dzia\u0142a\u0144 szkoleniowo-doradczych w obszarze zielonej i energetycznej transformacji\n<p style=\"text-align: center; \"><font color=\"#ffffff\">Nasi Wolontariusze Wspieraj\u0105 Zielon\u0105 i Energetyczn\u0105 Transformacj\u0119!<\/font><\/p><p style=\"text-align: center; \"><font color=\"#ffffff\">Z dum\u0105 informujemy, \u017ce mieli\u015bmy zaszczyt uczestniczy\u0107 w kluczowym projekcie realizowanym przez Fundacj\u0119 Instytut na rzecz Ekorozwoju.<\/font><\/p>","protected":false},"excerpt":{"rendered":"","protected":false},"author":1,"featured_media":0,"parent":0,"menu_order":0,"comment_status":"closed","ping_status":"closed","template":"","meta":{"pagelayer_contact_templates":[],"_pagelayer_content":"","footnotes":""},"class_list":["post-135","page","type-page","status-publish","hentry"],"_links":{"self":[{"href":"https:\/\/lsja.pl\/en\/wp-json\/wp\/v2\/pages\/135","targetHints":{"allow":["GET"]}}],"collection":[{"href":"https:\/\/lsja.pl\/en\/wp-json\/wp\/v2\/pages"}],"about":[{"href":"https:\/\/lsja.pl\/en\/wp-json\/wp\/v2\/types\/page"}],"author":[{"embeddable":true,"href":"https:\/\/lsja.pl\/en\/wp-json\/wp\/v2\/users\/1"}],"replies":[{"embeddable":true,"href":"https:\/\/lsja.pl\/en\/wp-json\/wp\/v2\/comments?post=135"}],"version-history":[{"count":20,"href":"https:\/\/lsja.pl\/en\/wp-json\/wp\/v2\/pages\/135\/revisions"}],"predecessor-version":[{"id":497,"href":"https:\/\/lsja.pl\/en\/wp-json\/wp\/v2\/pages\/135\/revisions\/497"}],"wp:attachment":[{"href":"https:\/\/lsja.pl\/en\/wp-json\/wp\/v2\/media?parent=135"}],"curies":[{"name":"wp","href":"https:\/\/api.w.org\/{rel}","templated":true}]}}