{"id":141,"date":"2025-02-24T09:31:18","date_gmt":"2025-02-24T09:31:18","guid":{"rendered":"https:\/\/lsja.pl\/?page_id=141"},"modified":"2025-02-25T11:43:02","modified_gmt":"2025-02-25T11:43:02","slug":"filar-i-wsparcie-dla-osob-w-trudnej-sytuacji-zyciowej","status":"publish","type":"page","link":"https:\/\/lsja.pl\/en\/filar-i-wsparcie-dla-osob-w-trudnej-sytuacji-zyciowej\/","title":{"rendered":"PILLAR I: SUPPORT FOR PEOPLE IN DIFFICULT LIFE SITUATIONS"},"content":{"rendered":"FILAR I: <br>WSPARCIE DLA OS\u00d3B <br>W TRUDNEJ SYTUACJI \u017bYCIOWEJ\n<p style=\"text-align: center; \"><font color=\"#ffffff\">FUNDACJA PODEJMUJE DZIA\u0141ANIA MAJ\u0104CE NA CELU NIESIENIE POMOCY OSOBOM&nbsp;<\/font><span style=\"color: rgb(255, 255, 255);\">UBOGIM, <br>ZNAJDUJ\u0104CYM SI\u0118 W TRUDNYM PO\u0141O\u017bENIU MATERIALNYM LUB&nbsp;<\/span><span style=\"color: rgb(255, 255, 255);\">\u017bYCIOWYM, <br>A TAK\u017bE WSPIERANIE OS\u00d3B POSZKODOWANYCH WSKUTEK&nbsp;<\/span><span style=\"color: rgb(255, 255, 255);\">WYPADK\u00d3W LOSOWYCH, KL\u0118SK \u017bYWIO\u0141OWYCH, <br>KATASTROF CZY INNYCH ZDARZE\u0143&nbsp;<\/span><span style=\"color: rgb(255, 255, 255);\">KRYZYSOWYCH.<\/span><\/p>\n\n\n\n\nFinish\n<p style=\"text-align: center; \"><font color=\"#ffffff\">LIST OF PROJECTS THAT THE FOUNDATION HAS SUCCESSFULLY COMPLETED<\/font><\/p>","protected":false},"excerpt":{"rendered":"","protected":false},"author":1,"featured_media":0,"parent":0,"menu_order":0,"comment_status":"closed","ping_status":"closed","template":"","meta":{"pagelayer_contact_templates":[],"_pagelayer_content":"","footnotes":""},"class_list":["post-141","page","type-page","status-publish","hentry"],"_links":{"self":[{"href":"https:\/\/lsja.pl\/en\/wp-json\/wp\/v2\/pages\/141","targetHints":{"allow":["GET"]}}],"collection":[{"href":"https:\/\/lsja.pl\/en\/wp-json\/wp\/v2\/pages"}],"about":[{"href":"https:\/\/lsja.pl\/en\/wp-json\/wp\/v2\/types\/page"}],"author":[{"embeddable":true,"href":"https:\/\/lsja.pl\/en\/wp-json\/wp\/v2\/users\/1"}],"replies":[{"embeddable":true,"href":"https:\/\/lsja.pl\/en\/wp-json\/wp\/v2\/comments?post=141"}],"version-history":[{"count":5,"href":"https:\/\/lsja.pl\/en\/wp-json\/wp\/v2\/pages\/141\/revisions"}],"predecessor-version":[{"id":279,"href":"https:\/\/lsja.pl\/en\/wp-json\/wp\/v2\/pages\/141\/revisions\/279"}],"wp:attachment":[{"href":"https:\/\/lsja.pl\/en\/wp-json\/wp\/v2\/media?parent=141"}],"curies":[{"name":"wp","href":"https:\/\/api.w.org\/{rel}","templated":true}]}}