{"id":146,"date":"2025-02-24T09:31:40","date_gmt":"2025-02-24T09:31:40","guid":{"rendered":"https:\/\/lsja.pl\/?page_id=146"},"modified":"2025-11-09T08:55:11","modified_gmt":"2025-11-09T08:55:11","slug":"filar-ii-ochrona-srodowiska-oraz-pomoc-zwierzetom","status":"publish","type":"page","link":"https:\/\/lsja.pl\/en\/filar-ii-ochrona-srodowiska-oraz-pomoc-zwierzetom\/","title":{"rendered":"PILLAR II: ENVIRONMENTAL PROTECTION AND HELP FOR ANIMALS"},"content":{"rendered":"PILLAR II: <br>ENVIRONMENTAL PROTECTION <br>AND <br>HELPING ANIMALS\n<p style=\"text-align: center; \"><font color=\"#ffffff\">THE FOUNDATION IS INVOLVED IN ANIMALS PROTECTION ACTIVITIES AND&nbsp;<\/font><span style=\"color: rgb(255, 255, 255);\">BRINGING THEM HELP.<\/span><\/p><p style=\"text-align: center; \"><font color=\"#ffffff\">WE ALSO WORK FOR ENVIRONMENTAL PROTECTION AND PROMOTE&nbsp;<\/font><span style=\"color: rgb(255, 255, 255);\">SUSTAINABLE LIFESTYLE.<\/span><\/p>\n\n\n\n\nA better world for animals in Ma\u0142opolska\n<p style=\"text-align: center; \"><font color=\"#ffffff\">\u201cA Better World for Animals in Ma\u0142opolska\u201d is a campaign to collect food for shelters and sanctuaries, which helps homeless animals survive difficult times. <br>10 PLN will allow you to feed a cat for 1 day.<br>PLN 25 is the cost of feeding a dog for 1 day.<\/font><\/p>\n\n\n\n\n\nBurning World\n<p style=\"text-align: center; \"><font color=\"#ffffff\">The Burning World project is a long-term environmental initiative carried out by the Better World Foundation in honor of Jakub Adamczyk. <\/font><\/p>\n<p style=\"text-align: center; \"><font color=\"#ffffff\">Our goal is to counteract the effects of global warming, environmental degradation, and excessive waste production. <\/font><\/p>\n<p style=\"text-align: center; \"><font color=\"#ffffff\">Through educational and informational activities, we aim to genuinely influence public awareness and motivate people to make responsible decisions in their daily lives.<\/font><\/p>\n\n\n\n\n\nFinish\n<p style=\"text-align: center; \"><font color=\"#ffffff\">LIST OF PROJECTS THAT THE FOUNDATION HAS SUCCESSFULLY COMPLETED<\/font><\/p>\n\n\n\n\nPrzeprowadzenie dzia\u0142a\u0144 edukacyjnych, badawczo-rozwojowych oraz dzia\u0142a\u0144 szkoleniowo-doradczych w obszarze zielonej i energetycznej transformacji\n<p style=\"text-align: center; \"><font color=\"#ffffff\">Nasi Wolontariusze Wspieraj\u0105 Zielon\u0105 i Energetyczn\u0105 Transformacj\u0119!<\/font><\/p><p style=\"text-align: center; \"><font color=\"#ffffff\">Z dum\u0105 informujemy, \u017ce mieli\u015bmy zaszczyt uczestniczy\u0107 w kluczowym projekcie realizowanym przez Fundacj\u0119 Instytut na rzecz Ekorozwoju.<\/font><\/p>","protected":false},"excerpt":{"rendered":"","protected":false},"author":1,"featured_media":0,"parent":0,"menu_order":0,"comment_status":"closed","ping_status":"closed","template":"","meta":{"pagelayer_contact_templates":[],"_pagelayer_content":"","footnotes":""},"class_list":["post-146","page","type-page","status-publish","hentry"],"_links":{"self":[{"href":"https:\/\/lsja.pl\/en\/wp-json\/wp\/v2\/pages\/146","targetHints":{"allow":["GET"]}}],"collection":[{"href":"https:\/\/lsja.pl\/en\/wp-json\/wp\/v2\/pages"}],"about":[{"href":"https:\/\/lsja.pl\/en\/wp-json\/wp\/v2\/types\/page"}],"author":[{"embeddable":true,"href":"https:\/\/lsja.pl\/en\/wp-json\/wp\/v2\/users\/1"}],"replies":[{"embeddable":true,"href":"https:\/\/lsja.pl\/en\/wp-json\/wp\/v2\/comments?post=146"}],"version-history":[{"count":14,"href":"https:\/\/lsja.pl\/en\/wp-json\/wp\/v2\/pages\/146\/revisions"}],"predecessor-version":[{"id":496,"href":"https:\/\/lsja.pl\/en\/wp-json\/wp\/v2\/pages\/146\/revisions\/496"}],"wp:attachment":[{"href":"https:\/\/lsja.pl\/en\/wp-json\/wp\/v2\/media?parent=146"}],"curies":[{"name":"wp","href":"https:\/\/api.w.org\/{rel}","templated":true}]}}