{"id":151,"date":"2025-02-24T09:31:55","date_gmt":"2025-02-24T09:31:55","guid":{"rendered":"https:\/\/lsja.pl\/?page_id=151"},"modified":"2025-02-25T11:43:36","modified_gmt":"2025-02-25T11:43:36","slug":"filar-iii-rozwoj-edukacji-przedsiebiorczosci-i-coachingu","status":"publish","type":"page","link":"https:\/\/lsja.pl\/en\/filar-iii-rozwoj-edukacji-przedsiebiorczosci-i-coachingu\/","title":{"rendered":"PILLAR III: DEVELOPMENT OF EDUCATION, ENTREPRENEURSHIP AND COACHING"},"content":{"rendered":"FILAR III: <br>ROZW\u00d3J EDUKACJI, <br>PRZEDSI\u0118BIORCZO\u015aCI <br>I COACHINGU\n<p style=\"text-align: center; \"><font color=\"#ffffff\">FUNDACJA WSPIERA ROZW\u00d3J EDUKACJI ORAZ PROMUJE PRZEDSI\u0118BIORCZO\u015a\u0106,&nbsp;<\/font><span style=\"color: rgb(255, 255, 255);\">OFERUJ\u0104C WSPARCIE W BUDOWANIU UMIEJ\u0118TNO\u015aCI, <br>KT\u00d3RE PRZYCZYNIAJ\u0104 SI\u0118 DO&nbsp;<\/span><span style=\"color: rgb(255, 255, 255);\">ROZWOJU OSOBISTEGO, ZAWODOWEGO I SPO\u0141ECZNEGO. <br>CELEM TEGO FILARU JEST&nbsp;<\/span><span style=\"color: rgb(255, 255, 255);\">TWORZENIE WARUNK\u00d3W SPRZYJAJ\u0104CYCH ROZWOJOWI INNOWACYJNO\u015aCI,&nbsp;<\/span><span style=\"color: rgb(255, 255, 255);\">KREATYWNO\u015aCI I SAMODZIELNO\u015aCI.<\/span><\/p>\n\n\n\n\nFinish\n<p style=\"text-align: center; \"><font color=\"#ffffff\">LIST OF PROJECTS THAT THE FOUNDATION HAS SUCCESSFULLY COMPLETED<\/font><\/p>","protected":false},"excerpt":{"rendered":"","protected":false},"author":1,"featured_media":0,"parent":0,"menu_order":0,"comment_status":"closed","ping_status":"closed","template":"","meta":{"pagelayer_contact_templates":[],"_pagelayer_content":"","footnotes":""},"class_list":["post-151","page","type-page","status-publish","hentry"],"_links":{"self":[{"href":"https:\/\/lsja.pl\/en\/wp-json\/wp\/v2\/pages\/151","targetHints":{"allow":["GET"]}}],"collection":[{"href":"https:\/\/lsja.pl\/en\/wp-json\/wp\/v2\/pages"}],"about":[{"href":"https:\/\/lsja.pl\/en\/wp-json\/wp\/v2\/types\/page"}],"author":[{"embeddable":true,"href":"https:\/\/lsja.pl\/en\/wp-json\/wp\/v2\/users\/1"}],"replies":[{"embeddable":true,"href":"https:\/\/lsja.pl\/en\/wp-json\/wp\/v2\/comments?post=151"}],"version-history":[{"count":4,"href":"https:\/\/lsja.pl\/en\/wp-json\/wp\/v2\/pages\/151\/revisions"}],"predecessor-version":[{"id":282,"href":"https:\/\/lsja.pl\/en\/wp-json\/wp\/v2\/pages\/151\/revisions\/282"}],"wp:attachment":[{"href":"https:\/\/lsja.pl\/en\/wp-json\/wp\/v2\/media?parent=151"}],"curies":[{"name":"wp","href":"https:\/\/api.w.org\/{rel}","templated":true}]}}