{"id":3,"date":"2025-02-24T11:34:39","date_gmt":"2025-02-24T11:34:39","guid":{"rendered":"https:\/\/lsja.pl\/?page_id=3"},"modified":"2025-02-24T11:47:48","modified_gmt":"2025-02-24T11:47:48","slug":"privacy-policy","status":"publish","type":"page","link":"https:\/\/lsja.pl\/en\/privacy-policy\/","title":{"rendered":"Privacy Policy"},"content":{"rendered":"<h2>Privacy Policy<\/h2>\n<p class=\"MsoNormal\"><strong>Fundacja Lepszy \u015awiata Imienia Jakuba Adamczyka<\/strong><\/p><p class=\"MsoNormal\">\nNumer KRS: 0001156897<br>\nREGON: 540945998, NIP: 6793323125<br>\nAdres: ul. LIPOWA, nr 3D, KRAK\u00d3W 30-702,&nbsp; POLSKA<br>\nE-mail: <a href=\"mailto:kontakt@lsja.pl\">kontakt@lsja.pl<\/a><\/p>\n<p class=\"MsoNormal\"><a href=\"mailto:kontakt@lsja.pl\"><\/a><o:p><\/o:p><\/p><p class=\"MsoNormal\"><strong>1. Postanowienia Og\u00f3lne<\/strong><\/p>\n<p class=\"MsoNormal\"><strong><\/strong><o:p><\/o:p><\/p><ol style=\"margin-top:0cm\" start=\"1\" type=\"1\"><li>Niniejsza\n     Polityka Prywatno\u015bci okre\u015bla zasady przetwarzania danych osobowych przez\n     Fundacj\u0119 Lepszy \u015awiata Imienia Jakuba Adamczyka (zwan\u0105 dalej\n     &#8222;Fundacj\u0105&#8221;).<\/li>\n <li class=\"MsoNormal\">Fundacja\n     dok\u0142ada wszelkich stara\u0144, aby zapewni\u0107 bezpiecze\u0144stwo i ochron\u0119 danych\n     osobowych zgodnie z obowi\u0105zuj\u0105cymi przepisami prawa, w tym Rozporz\u0105dzeniem\n     Parlamentu Europejskiego i Rady (UE) 2016\/679 (RODO).<\/li><\/ol>\n<p class=\"MsoNormal\"><strong>2. Administrator Danych Osobowych<\/strong><\/p>\n<p class=\"MsoNormal\"><strong><\/strong>Administratorem danych osobowych jest Fundacja Lepszy \u015awiata Imienia Jakuba\nAdamczyka z siedzib\u0105 pod adresem ul. LIPOWA, nr 3D,&nbsp; KRAK\u00d3W 30-702,&nbsp; POLSKA. W sprawach zwi\u0105zanych z przetwarzaniem\ndanych osobowych mo\u017cna skontaktowa\u0107 si\u0119 poprzez e-mail: <a href=\"mailto:kontakt@lsja.pl\">kontakt@lsja.pl<\/a>.<\/p>\n<p class=\"MsoNormal\"><o:p><\/o:p><\/p><p class=\"MsoNormal\"><strong>3. Cele i Podstawy Prawne Przetwarzania Danych<\/strong><\/p>\n<p class=\"MsoNormal\"><strong><\/strong>Dane osobowe s\u0105 przetwarzane w celu:<o:p><\/o:p><\/p><ul style=\"margin-top:0cm\" type=\"disc\">\n <li class=\"MsoNormal\">Realizacji\n     cel\u00f3w statutowych Fundacji, w tym wsparcia os\u00f3b w trudnej sytuacji\n     \u017cyciowej, ochrony \u015brodowiska i zwierz\u0105t oraz rozwoju edukacji,\n     przedsi\u0119biorczo\u015bci i coachingu (art. 6 ust. 1 lit. e RODO).<o:p><\/o:p><\/li>\n <li class=\"MsoNormal\">Realizacji\n     um\u00f3w i zobowi\u0105za\u0144 Fundacji (art. 6 ust. 1 lit. b RODO).<o:p><\/o:p><\/li>\n <li class=\"MsoNormal\">Obs\u0142ugi\n     darowizn i wsp\u00f3\u0142pracy z darczy\u0144cami (art. 6 ust. 1 lit. c RODO).<o:p><\/o:p><\/li>\n <li class=\"MsoNormal\">Prowadzenia\n     dzia\u0142alno\u015bci informacyjnej i promocyjnej, w tym przesy\u0142ania newsletter\u00f3w\n     (art. 6 ust. 1 lit. a RODO &#8211; zgoda osoby).<\/li><\/ul>\n<p class=\"MsoNormal\"><strong>4. Zakres Przetwarzanych Danych<\/strong><\/p>\n<p class=\"MsoNormal\"><strong><\/strong>Fundacja mo\u017ce przetwarza\u0107 nast\u0119puj\u0105ce dane osobowe:<o:p><\/o:p><\/p><ul style=\"margin-top:0cm\" type=\"disc\">\n <li class=\"MsoNormal\">Imi\u0119\n     i nazwisko, adres e-mail, numer telefonu.<o:p><\/o:p><\/li>\n <li class=\"MsoNormal\">Adres\n     zamieszkania, dane do korespondencji.<o:p><\/o:p><\/li>\n <li class=\"MsoNormal\">Dane\n     finansowe w przypadku przekazywania darowizn.<o:p><\/o:p><\/li>\n <li class=\"MsoNormal\">Inne\n     dane niezb\u0119dne do realizacji statutowych cel\u00f3w Fundacji.<\/li><\/ul>\n<p class=\"MsoNormal\"><strong>5. Okres Przechowywania Danych<\/strong><\/p>\n<p class=\"MsoNormal\"><strong><\/strong>Dane osobowe b\u0119d\u0105 przechowywane przez okres niezb\u0119dny do realizacji cel\u00f3w\nprzetwarzania, a po ich zako\u0144czeniu przez okres wymagany przepisami prawa lub\ndo czasu cofni\u0119cia zgody.<\/p>\n<p class=\"MsoNormal\"><strong>6. Odbiorcy Danych<\/strong><\/p>\n<p class=\"MsoNormal\"><strong><\/strong>Fundacja mo\u017ce przekazywa\u0107 dane osobowe podmiotom wsp\u00f3\u0142pracuj\u0105cym, takim jak:<o:p><\/o:p><\/p><ul style=\"margin-top:0cm\" type=\"disc\">\n <li class=\"MsoNormal\">Dostawcy\n     us\u0142ug IT i hostingowych.<o:p><\/o:p><\/li>\n <li class=\"MsoNormal\">Instytucje\n     publiczne, je\u015bli wymagaj\u0105 tego przepisy prawa.<o:p><\/o:p><\/li>\n <li class=\"MsoNormal\">Partnerzy\n     i sponsorzy Fundacji w zakresie realizacji projekt\u00f3w.<\/li><\/ul>\n<p class=\"MsoNormal\"><strong>7. Prawa Os\u00f3b, Kt\u00f3rych Dane Dotycz\u0105<\/strong><\/p>\n<p class=\"MsoNormal\">Osobom, kt\u00f3rych dane s\u0105 przetwarzane, przys\u0142uguj\u0105 nast\u0119puj\u0105ce prawa:<o:p><\/o:p><\/p><ul style=\"margin-top:0cm\" type=\"disc\">\n <li class=\"MsoNormal\">Prawo\n     dost\u0119pu do swoich danych i ich sprostowania.<o:p><\/o:p><\/li>\n <li class=\"MsoNormal\">Prawo\n     do usuni\u0119cia danych (\u201eprawo do bycia zapomnianym\u201d).<o:p><\/o:p><\/li>\n <li class=\"MsoNormal\">Prawo\n     do ograniczenia przetwarzania.<o:p><\/o:p><\/li>\n <li class=\"MsoNormal\">Prawo\n     do przenoszenia danych.<o:p><\/o:p><\/li>\n <li class=\"MsoNormal\">Prawo\n     do sprzeciwu wobec przetwarzania danych.<o:p><\/o:p><\/li>\n <li class=\"MsoNormal\">Prawo\n     do wniesienia skargi do Prezesa Urz\u0119du Ochrony Danych Osobowych.<\/li><\/ul>\n<p class=\"MsoNormal\"><strong>8. Pliki Cookies<\/strong><br>\n<\/p>\n<p class=\"MsoNormal\">Fundacja mo\u017ce wykorzystywa\u0107 pliki cookies do analizy ruchu na stronie oraz\nzapewnienia jej prawid\u0142owego dzia\u0142ania. Ka\u017cdy u\u017cytkownik mo\u017ce zarz\u0105dza\u0107\nustawieniami cookies w swojej przegl\u0105darce.<\/p>\n<p class=\"MsoNormal\"><strong>9. Zmiany w Polityce Prywatno\u015bci<\/strong><br>\n<\/p>\n<p class=\"MsoNormal\">Fundacja zastrzega sobie prawo do dokonywania zmian w niniejszej Polityce\nPrywatno\u015bci. Aktualna wersja dokumentu b\u0119dzie zawsze dost\u0119pna na stronie\ninternetowej Fundacji.<\/p>\n<p class=\"MsoNormal\"><strong>10. Kontakt<\/strong><br>\n<\/p>\n<p class=\"MsoNormal\">Wszelkie pytania dotycz\u0105ce przetwarzania danych osobowych nale\u017cy kierowa\u0107 na\nadres e-mail: <a href=\"mailto:kontakt@lsja.pl\">kontakt@lsja.pl<\/a>.<\/p>","protected":false},"excerpt":{"rendered":"","protected":false},"author":1,"featured_media":0,"parent":0,"menu_order":0,"comment_status":"closed","ping_status":"closed","template":"","meta":{"pagelayer_contact_templates":[],"_pagelayer_content":"","footnotes":""},"class_list":["post-3","page","type-page","status-publish","hentry"],"_links":{"self":[{"href":"https:\/\/lsja.pl\/en\/wp-json\/wp\/v2\/pages\/3","targetHints":{"allow":["GET"]}}],"collection":[{"href":"https:\/\/lsja.pl\/en\/wp-json\/wp\/v2\/pages"}],"about":[{"href":"https:\/\/lsja.pl\/en\/wp-json\/wp\/v2\/types\/page"}],"author":[{"embeddable":true,"href":"https:\/\/lsja.pl\/en\/wp-json\/wp\/v2\/users\/1"}],"replies":[{"embeddable":true,"href":"https:\/\/lsja.pl\/en\/wp-json\/wp\/v2\/comments?post=3"}],"version-history":[{"count":8,"href":"https:\/\/lsja.pl\/en\/wp-json\/wp\/v2\/pages\/3\/revisions"}],"predecessor-version":[{"id":198,"href":"https:\/\/lsja.pl\/en\/wp-json\/wp\/v2\/pages\/3\/revisions\/198"}],"wp:attachment":[{"href":"https:\/\/lsja.pl\/en\/wp-json\/wp\/v2\/media?parent=3"}],"curies":[{"name":"wp","href":"https:\/\/api.w.org\/{rel}","templated":true}]}}