{"id":491,"date":"2025-10-20T08:07:17","date_gmt":"2025-10-20T08:07:17","guid":{"rendered":"https:\/\/lsja.pl\/?page_id=491"},"modified":"2025-10-20T10:18:33","modified_gmt":"2025-10-20T10:18:33","slug":"przeprowadzenie-dzialan-edukacyjnych-badawczo-rozwojowych-oraz-dzialan-szkoleniowo-doradczych-w-obszarze-zielonej-i-energetycznej-transformacji","status":"publish","type":"page","link":"https:\/\/lsja.pl\/en\/przeprowadzenie-dzialan-edukacyjnych-badawczo-rozwojowych-oraz-dzialan-szkoleniowo-doradczych-w-obszarze-zielonej-i-energetycznej-transformacji\/","title":{"rendered":"Przeprowadzenie dzia\u0142a\u0144 edukacyjnych, badawczo-rozwojowych oraz dzia\u0142a\u0144 szkoleniowo-doradczych w obszarze zielonej i energetycznej transformacji"},"content":{"rendered":"<h2>Nasi Wolontariusze Wspieraj\u0105 Zielon\u0105 i Energetyczn\u0105 Transformacj\u0119!<\/h2>\n<p><br><\/p>\n<p>Z dum\u0105 informujemy, \u017ce mieli\u015bmy zaszczyt uczestniczy\u0107 w kluczowym projekcie realizowanym przez <strong>Fundacj\u0119 Instytut na rzecz Ekorozwoju<\/strong>.<\/p>\n<p style=\"text-align: justify;\">Nasi wolontariusze wraz z prezesem aktywnie w\u0142\u0105czyli si\u0119 w realizacj\u0119 projektu pt. <strong>\u201ePrzeprowadzenie dzia\u0142a\u0144 edukacyjnych, badawczo-rozwojowych oraz dzia\u0142a\u0144 szkoleniowo-doradczych w obszarze zielonej i energetycznej transformacji\u201d<\/strong>.<\/p>\n<p style=\"text-align: justify;\">Ich zaanga\u017cowanie i praca przyczyni\u0142y si\u0119 do osi\u0105gni\u0119cia cel\u00f3w tej wa\u017cnej inicjatywy, maj\u0105cej na celu przyspieszenie transformacji energetycznej w Polsce. Dzi\u0119kujemy za ich wk\u0142ad. Wspierali\u015bmy dzia\u0142ania Fundacji , kt\u00f3re s\u0105 niezb\u0119dne do budowania zr\u00f3wnowa\u017conej i odpornej przysz\u0142o\u015bci energetycznej.<\/p>\n<p style=\"text-align: justify;\"><strong>Projekt jest finansowany przez Uni\u0119 Europejsk\u0105 w ramach REPowerEU G.1.1.4 Krajowego Planu Odbudowy i Zwi\u0119kszania Odporno\u015bci: wsparcie dla instytucji wdra\u017caj\u0105cych reformy i inwestycje.<\/strong><\/p><p>\n\n\n\n\n\n\n\n<\/p><p>Dzi\u0119kujemy naszym wolontariuszom za ich cenny czas, wiedz\u0119 i pasj\u0119, kt\u00f3re wnie\u015bli w to przedsi\u0119wzi\u0119cie! Kontynuujemy nasz\u0105 misj\u0119 wspierania kluczowych inicjatyw na rzecz ekorozwoju.<\/p>","protected":false},"excerpt":{"rendered":"","protected":false},"author":1,"featured_media":0,"parent":0,"menu_order":0,"comment_status":"closed","ping_status":"closed","template":"","meta":{"pagelayer_contact_templates":[],"_pagelayer_content":"","footnotes":""},"class_list":["post-491","page","type-page","status-publish","hentry"],"_links":{"self":[{"href":"https:\/\/lsja.pl\/en\/wp-json\/wp\/v2\/pages\/491","targetHints":{"allow":["GET"]}}],"collection":[{"href":"https:\/\/lsja.pl\/en\/wp-json\/wp\/v2\/pages"}],"about":[{"href":"https:\/\/lsja.pl\/en\/wp-json\/wp\/v2\/types\/page"}],"author":[{"embeddable":true,"href":"https:\/\/lsja.pl\/en\/wp-json\/wp\/v2\/users\/1"}],"replies":[{"embeddable":true,"href":"https:\/\/lsja.pl\/en\/wp-json\/wp\/v2\/comments?post=491"}],"version-history":[{"count":9,"href":"https:\/\/lsja.pl\/en\/wp-json\/wp\/v2\/pages\/491\/revisions"}],"predecessor-version":[{"id":505,"href":"https:\/\/lsja.pl\/en\/wp-json\/wp\/v2\/pages\/491\/revisions\/505"}],"wp:attachment":[{"href":"https:\/\/lsja.pl\/en\/wp-json\/wp\/v2\/media?parent=491"}],"curies":[{"name":"wp","href":"https:\/\/api.w.org\/{rel}","templated":true}]}}