{"id":54,"date":"2025-02-23T15:17:53","date_gmt":"2025-02-23T15:17:53","guid":{"rendered":"https:\/\/lsja.pl\/services\/"},"modified":"2025-02-25T09:01:48","modified_gmt":"2025-02-25T09:01:48","slug":"services","status":"publish","type":"page","link":"https:\/\/lsja.pl\/en\/services\/","title":{"rendered":"Kariera i Wolontariat"},"content":{"rendered":"<h2>Wolontariat<\/h2>\n\n\n\n\n<p>Poszukujemy wolontariuszy do r\u00f3\u017cnorodnych zada\u0144&nbsp;<br>jedyny wym\u00f3g to ch\u0119\u0107 niesienia pomocy innym! <br>Do\u0142\u0105cz do nas i zr\u00f3b co\u015b dobrego.<\/p><p>&nbsp; <br>Skontaktuj si\u0119:&nbsp;<a data-start=\"1490\" data-end=\"1500\" rel=\"noopener\" style=\"font-weight: 700; background-color: rgb(255, 255, 255);\">cv@lsja.pl<\/a><\/p>\n\n\n<p>Szukamy kierownika projektu! <br>Je\u015bli wiesz, \u017ce kto\u015b w okolicy potrzebuje pomocy <br>lub masz pomys\u0142 na dzia\u0142ania dla przyrody <br>czy przedsi\u0119biorczo\u015bci \u2013 zg\u0142o\u015b si\u0119 do nas.&nbsp;<\/p><p><br><\/p><p>Skontaktuj si\u0119:&nbsp;<a data-start=\"1490\" data-end=\"1500\" rel=\"noopener\" style=\"font-weight: 700; background-color: rgb(255, 255, 255);\">cv@lsja.pl<\/a><\/p>\n\n\n<p>Szukamy Marketing Managera! <br>Je\u015bli masz pomys\u0142 na rozw\u00f3j naszych social medi\u00f3w <br>i chcesz wnie\u015b\u0107 \u015bwie\u017ce pomys\u0142y \u2013 do\u0142\u0105cz do nas.<\/p><p>&nbsp; <br>Skontaktuj si\u0119:&nbsp;<a data-start=\"1490\" data-end=\"1500\" rel=\"noopener\" style=\"font-weight: 700; background-color: rgb(255, 255, 255);\">cv@lsja.pl<\/a><\/p>\n\n\n\n\n<h2>Kariera<\/h2>\n\n\n\n\n<p data-start=\"201\" data-end=\"519\"><strong data-start=\"201\" data-end=\"223\"><br><\/strong><\/p><p data-start=\"201\" data-end=\"519\"><strong data-start=\"201\" data-end=\"223\">Zakres obowi\u0105zk\u00f3w:<\/strong><br data-start=\"223\" data-end=\"226\">\u2705 Pozyskiwanie dofinansowa\u0144 z funduszy lokalnych i krajowych<br data-start=\"286\" data-end=\"289\">\u2705 Pisanie i sk\u0142adanie wniosk\u00f3w o dofinansowanie<br data-start=\"336\" data-end=\"339\">\u2705 Realizacja i rozliczanie projekt\u00f3w zgodnie z wytycznymi<br data-start=\"396\" data-end=\"399\">\u2705 Monitorowanie zgodno\u015bci z przepisami i bud\u017cetem<br data-start=\"448\" data-end=\"451\">\u2705 Wsp\u00f3\u0142praca z instytucjami, beneficjentami i zespo\u0142em projektowym<\/p><p data-start=\"201\" data-end=\"519\"><br><\/p><p data-start=\"521\" data-end=\"775\"><strong data-start=\"521\" data-end=\"535\">Wymagania:<\/strong><br data-start=\"535\" data-end=\"538\">\ud83d\udd39 Do\u015bwiadczenie w pozyskiwaniu i realizacji projekt\u00f3w finansowanych ze \u015brodk\u00f3w lokalnych<br data-start=\"627\" data-end=\"630\">\ud83d\udd39 Umiej\u0119tno\u015b\u0107 pisania wniosk\u00f3w o dofinansowanie<br data-start=\"678\" data-end=\"681\">\ud83d\udd39 Znajomo\u015b\u0107 procedur administracyjnych i finansowych<br data-start=\"734\" data-end=\"737\">\ud83d\udd39 Doskona\u0142e zdolno\u015bci organizacyjne<\/p><p data-start=\"521\" data-end=\"775\"><br><\/p><p data-start=\"521\" data-end=\"775\">\ud83d\udce9CV prosimy przesy\u0142a\u0107 na <strong data-start=\"1488\" data-end=\"1502\"><a data-start=\"1490\" data-end=\"1500\" rel=\"noopener\">cv@lsja.pl<\/a><\/strong><\/p>\n\n\n<p data-start=\"838\" data-end=\"1182\"><strong data-start=\"838\" data-end=\"860\">Zakres obowi\u0105zk\u00f3w:<\/strong><br data-start=\"860\" data-end=\"863\">\u2705 Pozyskiwanie \u015brodk\u00f3w z funduszy UE i program\u00f3w mi\u0119dzynarodowych<br data-start=\"928\" data-end=\"931\">\u2705 Opracowywanie wniosk\u00f3w aplikacyjnych i dokumentacji projektowej<br data-start=\"996\" data-end=\"999\">\u2705 Koordynacja realizacji i rozliczania projekt\u00f3w unijnych<br data-start=\"1056\" data-end=\"1059\">\u2705 Nadz\u00f3r nad zgodno\u015bci\u0105 z wytycznymi program\u00f3w operacyjnych<br data-start=\"1118\" data-end=\"1121\">\u2705 Wsp\u00f3\u0142praca z instytucjami unijnymi, partnerami i zespo\u0142em<\/p><p data-start=\"1184\" data-end=\"1459\"><strong data-start=\"1184\" data-end=\"1198\"><br><\/strong><\/p><p data-start=\"1184\" data-end=\"1459\"><strong data-start=\"1184\" data-end=\"1198\">Wymagania:<\/strong><br data-start=\"1198\" data-end=\"1201\">\ud83d\udd39 Do\u015bwiadczenie w pisaniu wniosk\u00f3w i zarz\u0105dzaniu projektami unijnymi<br data-start=\"1270\" data-end=\"1273\">\ud83d\udd39 Znajomo\u015b\u0107 funduszy UE i regulacji dotycz\u0105cych dofinansowa\u0144<br data-start=\"1334\" data-end=\"1337\">\ud83d\udd39 Umiej\u0119tno\u015b\u0107 analitycznego my\u015blenia i planowania<br data-start=\"1387\" data-end=\"1390\">\ud83d\udd39 Komunikatywno\u015b\u0107 i zdolno\u015b\u0107 do pracy w mi\u0119dzynarodowym \u015brodowisku<\/p><p data-start=\"1184\" data-end=\"1459\"><br><\/p><p data-start=\"1461\" data-end=\"1503\" data-is-last-node=\"\" data-is-only-node=\"\">\ud83d\udce9 CV prosimy przesy\u0142a\u0107 na <strong data-start=\"1488\" data-end=\"1502\"><a data-start=\"1490\" data-end=\"1500\" rel=\"noopener\">cv@lsja.pl<\/a><\/strong>.<\/p>\n\n\n<p><b><br><\/b><\/p><p><b>Zakres obowi\u0105zk\u00f3w:<\/b><\/p><p>\u2705 Pozyskiwanie \u015brodk\u00f3w i pisanie wniosk\u00f3w o dofinansowanie<\/p><p>\u2705 Koordynacja i realizacja mi\u0119dzynarodowych projekt\u00f3w fundacyjnych<\/p><p>\u2705 Wsp\u00f3\u0142praca z partnerami zagranicznymi i instytucjami finansuj\u0105cymi<\/p><p>\u2705 Monitorowanie post\u0119pu projekt\u00f3w i raportowanie zgodnie z wytycznymi<\/p><p>\u2705 Nadz\u00f3r nad zgodno\u015bci\u0105 projekt\u00f3w z regulacjami i bud\u017cetem<\/p><p><br><\/p><p><b>Wymagania<\/b>:<\/p><p>\ud83d\udd39 Do\u015bwiadczenie w zarz\u0105dzaniu projektami mi\u0119dzynarodowymi<\/p><p>\ud83d\udd39 Umiej\u0119tno\u015b\u0107 pisania wniosk\u00f3w o dofinansowanie<\/p><p>\ud83d\udd39 Znajomo\u015b\u0107 funduszy UE i mi\u0119dzynarodowych \u017ar\u00f3de\u0142 finansowania<\/p><p>\ud83d\udd39 Znajomo\u015b\u0107 j\u0119zyka angielskiego lub lokalnego na poziomie komunikatywnym<\/p><p>\ud83d\udd39 Dobra organizacja pracy i umiej\u0119tno\u015b\u0107 wsp\u00f3\u0142pracy w zespole<\/p><p><br><\/p><p>\ud83d\udce9 CV prosimy przesy\u0142a\u0107 na&nbsp;&nbsp;<span data-start=\"1488\" data-end=\"1502\" style=\"font-weight: 700;\"><a data-start=\"1490\" data-end=\"1500\" rel=\"noopener\">cv@lsja.pl<\/a><\/span><\/p>","protected":false},"excerpt":{"rendered":"","protected":false},"author":1,"featured_media":0,"parent":0,"menu_order":0,"comment_status":"closed","ping_status":"closed","template":"","meta":{"pagelayer_contact_templates":[],"_pagelayer_content":"","footnotes":""},"class_list":["post-54","page","type-page","status-publish","hentry"],"_links":{"self":[{"href":"https:\/\/lsja.pl\/en\/wp-json\/wp\/v2\/pages\/54","targetHints":{"allow":["GET"]}}],"collection":[{"href":"https:\/\/lsja.pl\/en\/wp-json\/wp\/v2\/pages"}],"about":[{"href":"https:\/\/lsja.pl\/en\/wp-json\/wp\/v2\/types\/page"}],"author":[{"embeddable":true,"href":"https:\/\/lsja.pl\/en\/wp-json\/wp\/v2\/users\/1"}],"replies":[{"embeddable":true,"href":"https:\/\/lsja.pl\/en\/wp-json\/wp\/v2\/comments?post=54"}],"version-history":[{"count":16,"href":"https:\/\/lsja.pl\/en\/wp-json\/wp\/v2\/pages\/54\/revisions"}],"predecessor-version":[{"id":249,"href":"https:\/\/lsja.pl\/en\/wp-json\/wp\/v2\/pages\/54\/revisions\/249"}],"wp:attachment":[{"href":"https:\/\/lsja.pl\/en\/wp-json\/wp\/v2\/media?parent=54"}],"curies":[{"name":"wp","href":"https:\/\/api.w.org\/{rel}","templated":true}]}}