{"id":68,"date":"2025-02-23T15:45:34","date_gmt":"2025-02-23T15:45:34","guid":{"rendered":"https:\/\/lsja.pl\/?page_id=68"},"modified":"2025-02-25T21:35:59","modified_gmt":"2025-02-25T21:35:59","slug":"zamowienia","status":"publish","type":"page","link":"https:\/\/lsja.pl\/en\/zamowienia\/","title":{"rendered":"Orders"},"content":{"rendered":"<h2>Administracja i ksi\u0119gowo\u015b\u0107<\/h2>\n\n\n\n\n\n\n<p data-start=\"58\" data-end=\"289\">Fundacja&nbsp;zaprasza do sk\u0142adania ofert na prowadzenie ksi\u0119gowo\u015bci w systemie <strong data-start=\"154\" data-end=\"215\">UEPIK (Uproszczona Ewidencja Przychod\u00f3w i Koszt\u00f3w)<\/strong>. <br>Wymagane do\u015bwiadczenie w obs\u0142udze fundacji oraz znajomo\u015b\u0107 zasad UEPIK.<\/p><p><br><\/p><p><br><\/p>\n\n\n\n\n\n\n<h2>Zam\u00f3wienia do projekt\u00f3w<\/h2>\n\n\n\n\n\n\n<p>Fundacja &nbsp;zaprasza do sk\u0142adania ofert na dostaw\u0119 karmy dla ps\u00f3w i kot\u00f3w w ramach realizowanego projektu.<\/p><p><br><\/p>","protected":false},"excerpt":{"rendered":"","protected":false},"author":1,"featured_media":0,"parent":0,"menu_order":0,"comment_status":"closed","ping_status":"closed","template":"","meta":{"pagelayer_contact_templates":[],"_pagelayer_content":"","footnotes":""},"class_list":["post-68","page","type-page","status-publish","hentry"],"_links":{"self":[{"href":"https:\/\/lsja.pl\/en\/wp-json\/wp\/v2\/pages\/68","targetHints":{"allow":["GET"]}}],"collection":[{"href":"https:\/\/lsja.pl\/en\/wp-json\/wp\/v2\/pages"}],"about":[{"href":"https:\/\/lsja.pl\/en\/wp-json\/wp\/v2\/types\/page"}],"author":[{"embeddable":true,"href":"https:\/\/lsja.pl\/en\/wp-json\/wp\/v2\/users\/1"}],"replies":[{"embeddable":true,"href":"https:\/\/lsja.pl\/en\/wp-json\/wp\/v2\/comments?post=68"}],"version-history":[{"count":16,"href":"https:\/\/lsja.pl\/en\/wp-json\/wp\/v2\/pages\/68\/revisions"}],"predecessor-version":[{"id":288,"href":"https:\/\/lsja.pl\/en\/wp-json\/wp\/v2\/pages\/68\/revisions\/288"}],"wp:attachment":[{"href":"https:\/\/lsja.pl\/en\/wp-json\/wp\/v2\/media?parent=68"}],"curies":[{"name":"wp","href":"https:\/\/api.w.org\/{rel}","templated":true}]}}